{"id":3,"date":"2024-09-11T11:13:28","date_gmt":"2024-09-11T11:13:28","guid":{"rendered":"http:\/\/dev.halo-arbeitsrecht.at\/?page_id=3"},"modified":"2024-11-08T09:49:20","modified_gmt":"2024-11-08T08:49:20","slug":"datenschutz","status":"publish","type":"page","link":"https:\/\/halo-arbeitsrecht.at\/en\/datenschutz\/","title":{"rendered":"Datenschutzerkl\u00e4rung"},"content":{"rendered":"<h2 class=\"wp-block-heading\">1. Personenbezogene Daten<\/h2>\n\n\n\n<p>Die HALO Hahn Loidolt Rechtsanw\u00e4ltInnen OG, Hoher Markt 8-9\/2\/10, 1010 Wien, und ihre MitarbeiterInnen und Rechtsanw\u00e4ltInnen (SubstitutInnen) sowie Rechtsanwaltsanw\u00e4rterInnen erheben, verarbeiten und nutzen Ihre personenbezogenen Daten nur mit Ihrer Einwilligung bzw Mandatierung oder Bestellung zu den mit vereinbarten Zwecken oder wenn eine sonstige rechtliche Grundlage im Einklang mit der DSGVO vorliegt. Dies unter Einhaltung der datenschutz- und zivilrechtlichen Bestimmungen.<\/p>\n\n\n\n<p>Es werden nur solche personenbezogenen Daten erhoben, die f\u00fcr die Durchf\u00fchrung und Abwicklung der rechtsanwaltlichen Leistungen erforderlich sind, oder die uns freiwillig zur Verf\u00fcgung gestellt wurden.<\/p>\n\n\n\n<p>Personenbezogene Daten sind alle Daten, die Einzelangaben \u00fcber pers\u00f6nliche oder sachliche Verh\u00e4ltnisse enthalten, beispielsweise Name, Anschrift, Emailadresse, Telefonnummer, Geburtsdatum, Alter, Geschlecht, Sozialversicherungsnummer, Videoaufzeichnungen, Fotos, Stimmaufnahmen von Personen sowie biometrische Daten wie etwa Fingerabdr\u00fccke. Auch sensible Daten, wie Gesundheitsdaten oder Daten im Zusammenhang mit einem Verfahren vor einem Gericht und\/oder einer Beh\u00f6rde k\u00f6nnen mitumfasst sein.<\/p>\n\n\n\n<h2 class=\"wp-block-heading\">2. Auskunft, L\u00f6schung und sonstige Betroffenenrechte<\/h2>\n\n\n\n<p>MandantInnen bzw Betroffene haben \u2013 unter Wahrung der rechtsanwaltlichen Verschwiegenheitspflicht \u2013 jederzeit das Recht auf Auskunft \u00fcber Ihre gespeicherten personenbezogenen Daten, deren Herkunft und Empf\u00e4nger und den Zweck der Datenverarbeitung sowie ein Recht auf Berichtigung, Daten\u00fcbertragung, Widerspruch, Einschr\u00e4nkung der Bearbeitung sowie Sperrung oder L\u00f6schung unrichtiger bzw unzul\u00e4ssig verarbeiteter Daten.<\/p>\n\n\n\n<p>Insoweit sich \u00c4nderungen pers\u00f6nlicher Daten ergeben, ersucht die HALO Hahn Loidolt Rechtsanw\u00e4ltInnen OG um entsprechende Mitteilung.<\/p>\n\n\n\n<p>Sie haben jederzeit das Recht, eine erteilte Einwilligung zur Nutzung Ihrer personenbezogenen Daten zu widerrufen. Ihre Eingabe auf Widerruf, Auskunft, L\u00f6schung, Berichtigung, Einschr\u00e4nkung, Widerspruch und\/oder Daten\u00fcbertragung, im letztgenannten Fall, sofern damit nicht ein unverh\u00e4ltnism\u00e4\u00dfiger Aufwand verursacht wird, kann an die unter Punkt 9. dieser Erkl\u00e4rung angef\u00fchrte Anschrift unserer Rechtsanwaltskanzlei gerichtet werden. Ein Widerruf ber\u00fchrt die Rechtm\u00e4\u00dfigkeit der aufgrund der Einwilligung bis zum Widerruf erfolgten Verarbeitung nicht.<\/p>\n\n\n\n<p>Wenn Sie der Auffassung sind, dass die Verarbeitung Ihrer personenbezogenen Daten durch die HALO Hahn Loidolt Rechtsanw\u00e4ltInnen OG gegen das geltende www.halo-arbeitsrecht.at Datenschutzrecht verst\u00f6\u00dft oder Ihre datenschutzrechtlichen Anspr\u00fcche in einer anderen Weise verletzt worden sind, besteht die M\u00f6glichkeit, sich bei der zust\u00e4ndigen Aufsichtsbeh\u00f6rde zu beschweren. In \u00d6sterreich ist hierf\u00fcr die Datenschutzbeh\u00f6rde zust\u00e4ndig.<\/p>\n\n\n\n<h2 class=\"wp-block-heading\">3. Datensicherheit<\/h2>\n\n\n\n<p>Der Schutz Ihrer personenbezogenen Daten erfolgt durch entsprechende organisatorische und technische Vorkehrungen der HALO Hahn Loidolt Rechtsanw\u00e4ltInnen OG. Diese Vorkehrungen betreffen insbesondere den Schutz vor unerlaubtem, rechtswidrigem oder auch zuf\u00e4lligem Zugriff, Verarbeitung, Verlust, Verwendung und Manipulation.<\/p>\n\n\n\n<p>Ungeachtet der Bem\u00fchungen der Einhaltung eines stets angemessen hohen Standards der Sorgfaltsanforderungen kann nicht ausgeschlossen werden, dass Informationen, die der HALO Hahn Loidolt Rechtsanw\u00e4ltInnen OG \u00fcber das Internet bekannt gegeben werden, von anderen Personen ungewollt und\/oder unbemerkt eingesehen und genutzt werden.<\/p>\n\n\n\n<p>Bitte beachten Sie, dass die HALO Hahn Loidolt Rechtsanw\u00e4ltInnen OG daher keine wie immer geartete Haftung f\u00fcr die Offenlegung von Informationen aufgrund nicht von ihren MitarbeiterInnen und Rechtsanw\u00e4ltInnen (SubstitutInnen) sowie Rechtsanwaltsanw\u00e4rterInnen verursachter Fehler bei der Daten\u00fcbertragung und\/oder unautorisiertem Zugriff durch Dritte \u00fcbernimmt (zB Hackerangriff auf E-Mail-Account bzw Telefon, Abfangen von Faxen).<\/p>\n\n\n\n<h2 class=\"wp-block-heading\">4. Verwendung der Daten<\/h2>\n\n\n\n<p>Die HALO Hahn Loidolt Rechtsanw\u00e4ltInnen OG und ihre MitarbeiterInnen und Rechtsanw\u00e4ltInnen (SubstitutInnen) sowie Rechtsanwaltsanw\u00e4rterInnen werden die von Ihnen zur Verf\u00fcgung gestellten Daten nicht f\u00fcr andere als die durch die Mandatsvereinbarung oder durch Ihre Einwilligung oder sonst durch eine Bestimmung im Einklang mit der DSGVO gedeckten Zwecken verarbeiten. Ausgenommen hiervon ist die Nutzung f\u00fcr statistische Zwecke, sofern die zur Verf\u00fcgung gestellten Daten anonymisiert wurden.<\/p>\n\n\n\n<h2 class=\"wp-block-heading\">5. \u00dcbermittlung von Daten an Dritte<\/h2>\n\n\n\n<p>Zur Erf\u00fcllung Ihres Auftrages ist es m\u00f6glicherweise auch erforderlich, Ihre Daten an Dritte (zB Gegenseite, Substituten, Versicherungen, Notare, Dienstleister, deren sich die HALO Hahn Loidolt Rechtsanw\u00e4ltInnen OG bedient und denen Daten zur Verf\u00fcgung gestellt werden, etc.), Gerichte oder Beh\u00f6rden sowie die Rechtsanwaltskammer weiterzuleiten. Eine Weiterleitung der Daten erfolgt ausschlie\u00dflich auf Grundlage der DSGVO bzw des Datenschutzgesetzes, insbesondere zur Erf\u00fcllung des Auftrags oder aufgrund vorheriger Einwilligung. Sofern eine dar\u00fcberhinausgehende \u00dcbermittlung von Daten an Dritte notwendig werden sollte, erfolgt vorab die Einholung einer Zustimmung.<\/p>\n\n\n\n<p>Weiters informiert die HALO Hahn Loidolt Rechtsanw\u00e4ltInnen OG dar\u00fcber, dass im Rahmen Ihrer rechtsanwaltlichen Vertretung und Betreuung regelm\u00e4\u00dfig auch sachverhalts- und fallbezogene Informationen von MandantInnen von dritten Stellen bezogen werden. www.halo-arbeitsrecht.at<\/p>\n\n\n\n<p>Manche der oben genannten Empf\u00e4nger von personenbezogenen Daten befinden sich au\u00dferhalb des Territoriums der Republik \u00d6sterreich oder verarbeiten dort Ihre personenbezogenen Daten. Das Datenschutzniveau in anderen L\u00e4ndern entspricht unter Umst\u00e4nden nicht jenem in \u00d6sterreichs. Die HALO Hahn Loidolt Rechtsanw\u00e4ltInnen OG und ihre MitarbeiterInnen und Rechtsanw\u00e4ltInnen (SubstitutInnen) sowie Rechtsanwaltsanw\u00e4rterInnen \u00fcbermitteln personenbezogene Daten jedoch nur in L\u00e4nder, f\u00fcr welche die EU-Kommission entschieden hat, dass sie \u00fcber ein angemessenes Datenschutzniveau verf\u00fcgen oder die HALO Hahn Loidolt Rechtsanw\u00e4ltInnen OG und ihre MitarbeiterInnen und Rechtsanw\u00e4ltInnen (SubstitutInnen) sowie Rechtsanwaltsanw\u00e4rterInnen setzen Ma\u00dfnahmen, um zu gew\u00e4hrleisten, dass alle Empf\u00e4nger ein angemessenes Datenschutzniveau haben wozu Standardvertragsklauseln (2010\/87\/EC und\/oder 2004\/915\/EC) abgeschlossen werden.<\/p>\n\n\n\n<h2 class=\"wp-block-heading\">6. Bekanntgabe von Datenpannen<\/h2>\n\n\n\n<p>Die HALO Hahn Loidolt Rechtsanw\u00e4ltInnen OG und ihre MitarbeiterInnen und Rechtsanw\u00e4ltInnen (SubstitutInnen) sowie Rechtsanwaltsanw\u00e4rterInnen sind bem\u00fcht sicherzustellen, dass Datenpannen fr\u00fchzeitig erkannt und gegebenenfalls unverz\u00fcglich Ihnen bzw der zust\u00e4ndigen Aufsichtsbeh\u00f6rde unter Einbezug der jeweiligen Datenkategorien, die betroffen sind, gemeldet werden.<\/p>\n\n\n\n<h2 class=\"wp-block-heading\">7. Aufbewahrung der Daten<\/h2>\n\n\n\n<p>Daten werden nicht l\u00e4nger aufbewahrt als dies zur Erf\u00fcllung unserer vertraglichen bzw gesetzlichen Verpflichtungen und zur Abwehr allf\u00e4lliger anh\u00e4ngiger oder konkret drohender Rechtsstreitigkeiten erforderlich ist. Soweit unternehmens- und steuerrechtliche Aufbewahrungsfristen zu beachten sind, kann die Dauer der Speicherung bestimmter Daten bis zu sieben Jahre betragen. Zur Erf\u00fcllung von Nachweispflichten im Hinblick auf die Bek\u00e4mpfung von Geldw\u00e4sche und Terrorismusfinanzierung kann die Aufbewahrungsfrist bis zu zehn Jahre betragen. Auch standesrechtliche Verpflichtungen und die Dauer der Verj\u00e4hrung von Rechtsanspr\u00fcchen (abh\u00e4ngig von der Rechtsgrundlage bis zu 40 Jahre) sind zu beachten.<\/p>\n\n\n\n<h2 class=\"wp-block-heading\">8. Google Analytics<\/h2>\n\n\n\n<p>Unsere Website verwendet Funktionen des Webanalysedienstes \u201eGoogle Analytics\u201c, welcher von der Google Inc. (1600 Amphitheatre Parkway Mountain View, CA 94043, USA) angeboten wird.<\/p>\n\n\n\n<p>Dazu werden Cookies verwendet, die eine Analyse der Benutzung der Website durch Ihre Benutzer erm\u00f6glicht. Die dadurch erzeugten Informationen werden auf den Server des Anbieters \u00fcbertragen und dort gespeichert.<\/p>\n\n\n\n<p>Sie haben die M\u00f6glichkeit, die Speicherung der Cookies auf Ihrem Ger\u00e4t zu verhindern, indem Sie in Ihrem Browser entsprechende Einstellungen vornehmen. Es ist nicht gew\u00e4hrleistet, dass Sie auf alle Funktionen dieser Website ohne Einschr\u00e4nkungen zugreifen k\u00f6nnen, wenn Ihr Browser keine Cookies zul\u00e4sst.<\/p>\n\n\n\n<p>Im Rahmen der Vereinbarung zur Auftragsdatenvereinbarung, welche wir als Websitebetreiber mit der Google Inc. geschlossen haben, erstellt diese mithilfe der www.halo-arbeitsrecht.at gesammelten Informationen eine Auswertung der Websitenutzung und der Websiteaktivit\u00e4t und erbringt mit der Internetnutzung verbundene Dienstleistungen.<\/p>\n\n\n\n<p>Unser Anliegen im Sinne der DSGVO (berechtigtes Interesse) ist die Verbesserung unseres Angebotes und unseres Webauftritts. Da uns die Privatsph\u00e4re unserer Nutzer wichtig ist, werden die Nutzerdaten pseudonymisiert. Beim blo\u00dfen Besuch der Website erfolgt keine Verarbeitung personenbezogener Daten.<\/p>\n\n\n\n<h2 class=\"wp-block-heading\">9. Kontaktdaten<\/h2>\n\n\n\n<p>Der Datenschutz ist uns, Dr Natalie Hahn und Sophie Loidolt, LL.M (WU) BSc (WU) als GesellschafterInnen der HALO Hahn Loidolt Rechtsanw\u00e4ltInnen OG, besonders wichtig. Wir sind unter den unten angef\u00fchrten Kontaktdaten f\u00fcr Fragen oder einen allf\u00e4lligen Widerruf erreichbar.<\/p>\n\n\n\n<p><strong>Dr Natalie Hahn<br><\/strong>Rechtsanw\u00e4ltin\/Partnerin<br><br><strong>Sophie Loidolt, LL.M (WU) BSc (WU)<br><\/strong>Rechtsanw\u00e4ltin\/Partnerin<br><br><strong>HALO Employment Law<br><\/strong>HALO Hahn Loidolt Rechtsanw\u00e4ltInnen OG<br>Hoher Markt 8-9\/2\/10, 1010 Wien<br><br>Tel. <a href=\"tel:004313880073\">+43 1 3880073<\/a><br><a href=\"\/en\/office@halo-arbeitsrecht.at\/\">office@halo-arbeitsrecht.at<br><\/a>www.halo-arbeitsrecht.at<\/p>\n\n\n\n<div style=\"height:100px\" aria-hidden=\"true\" class=\"wp-block-spacer\"><\/div>","protected":false},"excerpt":{"rendered":"<p>1. Personenbezogene Daten Die HALO Hahn Loidolt Rechtsanw\u00e4ltInnen OG, Hoher Markt 8-9\/2\/10, 1010 Wien, und ihre MitarbeiterInnen und Rechtsanw\u00e4ltInnen (SubstitutInnen) sowie Rechtsanwaltsanw\u00e4rterInnen erheben, verarbeiten und nutzen Ihre personenbezogenen Daten nur mit Ihrer Einwilligung bzw Mandatierung oder Bestellung zu den mit vereinbarten Zwecken oder wenn eine sonstige rechtliche Grundlage im Einklang mit der DSGVO vorliegt. Dies &#8230; <a title=\"Datenschutzerkl\u00e4rung\" class=\"read-more\" href=\"https:\/\/halo-arbeitsrecht.at\/en\/datenschutz\/\" aria-label=\"Read more about Datenschutzerkl\u00e4rung\">Weiterlesen &#8230;<\/a><\/p>","protected":false},"author":1,"featured_media":0,"parent":0,"menu_order":0,"comment_status":"closed","ping_status":"closed","template":"","meta":{"inline_featured_image":false,"footnotes":""},"class_list":["post-3","page","type-page","status-publish"],"yoast_head":"<!-- This site is optimized with the Yoast SEO plugin v27.6 - https:\/\/yoast.com\/product\/yoast-seo-wordpress\/ -->\n<title>Datenschutzerkl\u00e4rung | HALO-Arbeitsrecht<\/title>\n<meta name=\"description\" content=\"Erfahren Sie, wie HALO Arbeitsrecht Ihre Daten sch\u00fctzt. Transparente Informationen zur Erhebung, Verarbeitung und Speicherung Ihrer personenbezogenen Daten.\" \/>\n<meta name=\"robots\" content=\"index, follow, max-snippet:-1, max-image-preview:large, max-video-preview:-1\" \/>\n<link rel=\"canonical\" href=\"https:\/\/halo-arbeitsrecht.at\/en\/wp-json\/wp\/v2\/pages\/3\/\" \/>\n<meta property=\"og:locale\" content=\"en_GB\" \/>\n<meta property=\"og:type\" content=\"article\" \/>\n<meta property=\"og:title\" content=\"Datenschutzerkl\u00e4rung | HALO-Arbeitsrecht\" \/>\n<meta property=\"og:description\" content=\"Erfahren Sie, wie HALO Arbeitsrecht Ihre Daten sch\u00fctzt. Transparente Informationen zur Erhebung, Verarbeitung und Speicherung Ihrer personenbezogenen Daten.\" \/>\n<meta property=\"og:url\" content=\"https:\/\/halo-arbeitsrecht.at\/en\/datenschutz\/\" \/>\n<meta property=\"og:site_name\" content=\"HALO-Arbeitsrecht\" \/>\n<meta property=\"article:modified_time\" content=\"2024-11-08T08:49:20+00:00\" \/>\n<meta name=\"twitter:card\" content=\"summary_large_image\" \/>\n<meta name=\"twitter:label1\" content=\"Estimated reading time\" \/>\n\t<meta name=\"twitter:data1\" content=\"7 minutes\" \/>\n<script type=\"application\/ld+json\" class=\"yoast-schema-graph\">{\"@context\":\"https:\\\/\\\/schema.org\",\"@graph\":[{\"@type\":\"WebPage\",\"@id\":\"https:\\\/\\\/halo-arbeitsrecht.at\\\/datenschutz\\\/\",\"url\":\"https:\\\/\\\/halo-arbeitsrecht.at\\\/datenschutz\\\/\",\"name\":\"Datenschutzerkl\u00e4rung | HALO-Arbeitsrecht\",\"isPartOf\":{\"@id\":\"https:\\\/\\\/halo-arbeitsrecht.at\\\/#website\"},\"datePublished\":\"2024-09-11T11:13:28+00:00\",\"dateModified\":\"2024-11-08T08:49:20+00:00\",\"description\":\"Erfahren Sie, wie HALO Arbeitsrecht Ihre Daten sch\u00fctzt. Transparente Informationen zur Erhebung, Verarbeitung und Speicherung Ihrer personenbezogenen Daten.\",\"breadcrumb\":{\"@id\":\"https:\\\/\\\/halo-arbeitsrecht.at\\\/datenschutz\\\/#breadcrumb\"},\"inLanguage\":\"en-GB\",\"potentialAction\":[{\"@type\":\"ReadAction\",\"target\":[\"https:\\\/\\\/halo-arbeitsrecht.at\\\/datenschutz\\\/\"]}]},{\"@type\":\"BreadcrumbList\",\"@id\":\"https:\\\/\\\/halo-arbeitsrecht.at\\\/datenschutz\\\/#breadcrumb\",\"itemListElement\":[{\"@type\":\"ListItem\",\"position\":1,\"name\":\"Home\",\"item\":\"https:\\\/\\\/halo-arbeitsrecht.at\\\/\"},{\"@type\":\"ListItem\",\"position\":2,\"name\":\"Datenschutzerkl\u00e4rung\"}]},{\"@type\":\"WebSite\",\"@id\":\"https:\\\/\\\/halo-arbeitsrecht.at\\\/#website\",\"url\":\"https:\\\/\\\/halo-arbeitsrecht.at\\\/\",\"name\":\"HALO-Arbeitsrecht\",\"description\":\"\",\"publisher\":{\"@id\":\"https:\\\/\\\/halo-arbeitsrecht.at\\\/#organization\"},\"potentialAction\":[{\"@type\":\"SearchAction\",\"target\":{\"@type\":\"EntryPoint\",\"urlTemplate\":\"https:\\\/\\\/halo-arbeitsrecht.at\\\/?s={search_term_string}\"},\"query-input\":{\"@type\":\"PropertyValueSpecification\",\"valueRequired\":true,\"valueName\":\"search_term_string\"}}],\"inLanguage\":\"en-GB\"},{\"@type\":\"Organization\",\"@id\":\"https:\\\/\\\/halo-arbeitsrecht.at\\\/#organization\",\"name\":\"HALO-Arbeitsrecht\",\"url\":\"https:\\\/\\\/halo-arbeitsrecht.at\\\/\",\"logo\":{\"@type\":\"ImageObject\",\"inLanguage\":\"en-GB\",\"@id\":\"https:\\\/\\\/halo-arbeitsrecht.at\\\/#\\\/schema\\\/logo\\\/image\\\/\",\"url\":\"https:\\\/\\\/halo-arbeitsrecht.at\\\/wp-content\\\/uploads\\\/2024\\\/11\\\/HALO-Arbeitsrecht-Logo.png\",\"contentUrl\":\"https:\\\/\\\/halo-arbeitsrecht.at\\\/wp-content\\\/uploads\\\/2024\\\/11\\\/HALO-Arbeitsrecht-Logo.png\",\"width\":600,\"height\":99,\"caption\":\"HALO-Arbeitsrecht\"},\"image\":{\"@id\":\"https:\\\/\\\/halo-arbeitsrecht.at\\\/#\\\/schema\\\/logo\\\/image\\\/\"},\"sameAs\":[\"https:\\\/\\\/www.linkedin.com\\\/company\\\/halo-arbeitsrecht\\\/\"]}]}<\/script>\n<!-- \/ Yoast SEO plugin. -->","yoast_head_json":{"title":"Datenschutzerkl\u00e4rung | HALO-Arbeitsrecht","description":"Erfahren Sie, wie HALO Arbeitsrecht Ihre Daten sch\u00fctzt. Transparente Informationen zur Erhebung, Verarbeitung und Speicherung Ihrer personenbezogenen Daten.","robots":{"index":"index","follow":"follow","max-snippet":"max-snippet:-1","max-image-preview":"max-image-preview:large","max-video-preview":"max-video-preview:-1"},"canonical":"https:\/\/halo-arbeitsrecht.at\/en\/wp-json\/wp\/v2\/pages\/3\/","og_locale":"en_GB","og_type":"article","og_title":"Datenschutzerkl\u00e4rung | HALO-Arbeitsrecht","og_description":"Erfahren Sie, wie HALO Arbeitsrecht Ihre Daten sch\u00fctzt. Transparente Informationen zur Erhebung, Verarbeitung und Speicherung Ihrer personenbezogenen Daten.","og_url":"https:\/\/halo-arbeitsrecht.at\/en\/datenschutz\/","og_site_name":"HALO-Arbeitsrecht","article_modified_time":"2024-11-08T08:49:20+00:00","twitter_card":"summary_large_image","twitter_misc":{"Estimated reading time":"7 minutes"},"schema":{"@context":"https:\/\/schema.org","@graph":[{"@type":"WebPage","@id":"https:\/\/halo-arbeitsrecht.at\/datenschutz\/","url":"https:\/\/halo-arbeitsrecht.at\/datenschutz\/","name":"Datenschutzerkl\u00e4rung | HALO-Arbeitsrecht","isPartOf":{"@id":"https:\/\/halo-arbeitsrecht.at\/#website"},"datePublished":"2024-09-11T11:13:28+00:00","dateModified":"2024-11-08T08:49:20+00:00","description":"Erfahren Sie, wie HALO Arbeitsrecht Ihre Daten sch\u00fctzt. Transparente Informationen zur Erhebung, Verarbeitung und Speicherung Ihrer personenbezogenen Daten.","breadcrumb":{"@id":"https:\/\/halo-arbeitsrecht.at\/datenschutz\/#breadcrumb"},"inLanguage":"en-GB","potentialAction":[{"@type":"ReadAction","target":["https:\/\/halo-arbeitsrecht.at\/datenschutz\/"]}]},{"@type":"BreadcrumbList","@id":"https:\/\/halo-arbeitsrecht.at\/datenschutz\/#breadcrumb","itemListElement":[{"@type":"ListItem","position":1,"name":"Home","item":"https:\/\/halo-arbeitsrecht.at\/"},{"@type":"ListItem","position":2,"name":"Datenschutzerkl\u00e4rung"}]},{"@type":"WebSite","@id":"https:\/\/halo-arbeitsrecht.at\/#website","url":"https:\/\/halo-arbeitsrecht.at\/","name":"HALO-Arbeitsrecht","description":"","publisher":{"@id":"https:\/\/halo-arbeitsrecht.at\/#organization"},"potentialAction":[{"@type":"SearchAction","target":{"@type":"EntryPoint","urlTemplate":"https:\/\/halo-arbeitsrecht.at\/?s={search_term_string}"},"query-input":{"@type":"PropertyValueSpecification","valueRequired":true,"valueName":"search_term_string"}}],"inLanguage":"en-GB"},{"@type":"Organization","@id":"https:\/\/halo-arbeitsrecht.at\/#organization","name":"HALO-Arbeitsrecht","url":"https:\/\/halo-arbeitsrecht.at\/","logo":{"@type":"ImageObject","inLanguage":"en-GB","@id":"https:\/\/halo-arbeitsrecht.at\/#\/schema\/logo\/image\/","url":"https:\/\/halo-arbeitsrecht.at\/wp-content\/uploads\/2024\/11\/HALO-Arbeitsrecht-Logo.png","contentUrl":"https:\/\/halo-arbeitsrecht.at\/wp-content\/uploads\/2024\/11\/HALO-Arbeitsrecht-Logo.png","width":600,"height":99,"caption":"HALO-Arbeitsrecht"},"image":{"@id":"https:\/\/halo-arbeitsrecht.at\/#\/schema\/logo\/image\/"},"sameAs":["https:\/\/www.linkedin.com\/company\/halo-arbeitsrecht\/"]}]}},"_links":{"self":[{"href":"https:\/\/halo-arbeitsrecht.at\/en\/wp-json\/wp\/v2\/pages\/3","targetHints":{"allow":["GET"]}}],"collection":[{"href":"https:\/\/halo-arbeitsrecht.at\/en\/wp-json\/wp\/v2\/pages"}],"about":[{"href":"https:\/\/halo-arbeitsrecht.at\/en\/wp-json\/wp\/v2\/types\/page"}],"author":[{"embeddable":true,"href":"https:\/\/halo-arbeitsrecht.at\/en\/wp-json\/wp\/v2\/users\/1"}],"replies":[{"embeddable":true,"href":"https:\/\/halo-arbeitsrecht.at\/en\/wp-json\/wp\/v2\/comments?post=3"}],"version-history":[{"count":3,"href":"https:\/\/halo-arbeitsrecht.at\/en\/wp-json\/wp\/v2\/pages\/3\/revisions"}],"predecessor-version":[{"id":451,"href":"https:\/\/halo-arbeitsrecht.at\/en\/wp-json\/wp\/v2\/pages\/3\/revisions\/451"}],"wp:attachment":[{"href":"https:\/\/halo-arbeitsrecht.at\/en\/wp-json\/wp\/v2\/media?parent=3"}],"curies":[{"name":"wp","href":"https:\/\/api.w.org\/{rel}","templated":true}]}}