{"id":761,"date":"2024-11-05T11:24:54","date_gmt":"2024-11-05T10:24:54","guid":{"rendered":"https:\/\/halo-arbeitsrecht.at\/?page_id=761"},"modified":"2025-09-29T23:37:03","modified_gmt":"2025-09-29T21:37:03","slug":"team","status":"publish","type":"page","link":"https:\/\/halo-arbeitsrecht.at\/en\/team\/","title":{"rendered":"Team"},"content":{"rendered":"<div class=\"yoast-breadcrumbs\"><span><span><a href=\"https:\/\/halo-arbeitsrecht.at\/en\/\">Home<\/a><\/span> \/ <span class=\"breadcrumb_last\" aria-current=\"page\">Team<\/span><\/span><\/div>\n\n<div class=\"gb-container gb-container-89394d67\">\n<div class=\"gb-container gb-container-2ec5003e\">\n\n<h1 class=\"gb-headline gb-headline-4b0b85d0 gb-headline-text\">The Founders<\/h1>\n\n<\/div>\n\n<div class=\"gb-container gb-container-39b25699\">\n<div class=\"gb-container gb-container-5ef39775 bottom-left-fade-in\">\n\n<h2 class=\"gb-headline gb-headline-cda9657f gb-headline-text\">Natalie Hahn<\/h2>\n\n\n\n<div class=\"gb-headline gb-headline-af9414ce gb-headline-text\">For Natalie Hahn, founding HALO Employment Law was the logical step in turning a clear vision into reality: offering highly specialized employment law advice at the highest level\u2014combined with personal support, strategic foresight, and genuine partnership at eye level.<\/div>\n\n\n\n<a class=\"gb-button gb-button-56a6e3c8 primary-button\" href=\"\/en\/ueber-halo-arbeitsrecht\/natalie-hahn\/\"><span class=\"gb-icon\"><svg aria-hidden=\"true\" role=\"img\" height=\"1em\" width=\"1em\" viewbox=\"0 0 256 512\" xmlns=\"http:\/\/www.w3.org\/2000\/svg\"><path fill=\"currentColor\" d=\"M224.3 273l-136 136c-9.4 9.4-24.6 9.4-33.9 0l-22.6-22.6c-9.4-9.4-9.4-24.6 0-33.9l96.4-96.4-96.4-96.4c-9.4-9.4-9.4-24.6 0-33.9L54.3 103c9.4-9.4 24.6-9.4 33.9 0l136 136c9.5 9.4 9.5 24.6.1 34z\"><\/path><\/svg><\/span><span class=\"gb-button-text\">Learn more about Natalie<\/span><\/a>\n\n<\/div>\n\n<div class=\"gb-container gb-container-07f60251 bottom-right-fade-in\">\n\n<figure class=\"gb-block-image gb-block-image-074a9c0a\"><img loading=\"lazy\" decoding=\"async\" width=\"1600\" height=\"1600\" class=\"gb-image gb-image-074a9c0a\" src=\"https:\/\/halo-arbeitsrecht.at\/wp-content\/uploads\/2025\/05\/cDragan-Dok-1873.jpg\" alt=\"Gr\u00fcnderin und Partnerin Rechtsanw\u00e4ltin Natalie Hahn\" srcset=\"https:\/\/halo-arbeitsrecht.at\/wp-content\/uploads\/2025\/05\/cDragan-Dok-1873.jpg 1600w, https:\/\/halo-arbeitsrecht.at\/wp-content\/uploads\/2025\/05\/cDragan-Dok-1873-300x300.jpg 300w, https:\/\/halo-arbeitsrecht.at\/wp-content\/uploads\/2025\/05\/cDragan-Dok-1873-1024x1024.jpg 1024w, https:\/\/halo-arbeitsrecht.at\/wp-content\/uploads\/2025\/05\/cDragan-Dok-1873-150x150.jpg 150w, https:\/\/halo-arbeitsrecht.at\/wp-content\/uploads\/2025\/05\/cDragan-Dok-1873-768x768.jpg 768w, https:\/\/halo-arbeitsrecht.at\/wp-content\/uploads\/2025\/05\/cDragan-Dok-1873-1536x1536.jpg 1536w\" sizes=\"auto, (max-width: 1600px) 100vw, 1600px\" \/><\/figure>\n\n<\/div>\n<\/div>\n\n<div class=\"gb-container gb-container-01f1dff9\">\n<div class=\"gb-container gb-container-1bc57372 bottom-right-fade-in\">\n\n<figure class=\"gb-block-image gb-block-image-6e773488\"><img loading=\"lazy\" decoding=\"async\" width=\"1600\" height=\"1600\" class=\"gb-image gb-image-6e773488\" src=\"https:\/\/halo-arbeitsrecht.at\/wp-content\/uploads\/2025\/05\/cDragan-Dok-1868.jpg\" alt=\"Gr\u00fcnderin Sophie Loidolt\" srcset=\"https:\/\/halo-arbeitsrecht.at\/wp-content\/uploads\/2025\/05\/cDragan-Dok-1868.jpg 1600w, https:\/\/halo-arbeitsrecht.at\/wp-content\/uploads\/2025\/05\/cDragan-Dok-1868-300x300.jpg 300w, https:\/\/halo-arbeitsrecht.at\/wp-content\/uploads\/2025\/05\/cDragan-Dok-1868-1024x1024.jpg 1024w, https:\/\/halo-arbeitsrecht.at\/wp-content\/uploads\/2025\/05\/cDragan-Dok-1868-150x150.jpg 150w, https:\/\/halo-arbeitsrecht.at\/wp-content\/uploads\/2025\/05\/cDragan-Dok-1868-768x768.jpg 768w, https:\/\/halo-arbeitsrecht.at\/wp-content\/uploads\/2025\/05\/cDragan-Dok-1868-1536x1536.jpg 1536w\" sizes=\"auto, (max-width: 1600px) 100vw, 1600px\" \/><\/figure>\n\n<\/div>\n\n<div class=\"gb-container gb-container-2e247e7b bottom-left-fade-in\">\n\n<h2 class=\"gb-headline gb-headline-96c27d7d gb-headline-text\">Sophie Loidolt<\/h2>\n\n\n<div class=\"gb-container gb-container-9ee811e0\">\n\n<div class=\"gb-headline gb-headline-6410d9f2 gb-headline-text\">For Sophie Loidolt, founding HALO Employment Law was the logical next step toward establishing a new form of employment law advisory: highly specialized legal expertise combined with business acumen, personal support, and a clear understanding of the realities of modern organizations.<\/div>\n\n\n\n<a class=\"gb-button gb-button-a81a2d23 primary-button\" href=\"\/en\/ueber-halo-arbeitsrecht\/sophie-loidolt\/\"><span class=\"gb-icon\"><svg aria-hidden=\"true\" role=\"img\" height=\"1em\" width=\"1em\" viewbox=\"0 0 256 512\" xmlns=\"http:\/\/www.w3.org\/2000\/svg\"><path fill=\"currentColor\" d=\"M224.3 273l-136 136c-9.4 9.4-24.6 9.4-33.9 0l-22.6-22.6c-9.4-9.4-9.4-24.6 0-33.9l96.4-96.4-96.4-96.4c-9.4-9.4-9.4-24.6 0-33.9L54.3 103c9.4-9.4 24.6-9.4 33.9 0l136 136c9.5 9.4 9.5 24.6.1 34z\"><\/path><\/svg><\/span><span class=\"gb-button-text\">Learn more about Sophie<\/span><\/a>\n\n<\/div>\n<\/div>\n<\/div>\n<\/div>\n\n<div class=\"gb-container gb-container-3b991cd2 alignfull\">\n<div class=\"gb-container gb-container-4084f400\">\n<div class=\"gb-container gb-container-75e7ba38\">\n<div class=\"gb-container gb-container-3323346f\">\n\n<h2 class=\"gb-headline gb-headline-87007399 gb-headline-text\">Our Team<\/h2>\n\n<\/div>\n<\/div>\n\n<div class=\"gb-container gb-container-5d5cafe6\">\n<div class=\"gb-container gb-container-773e150c\">\n\n<p class=\"gb-headline gb-headline-601992c4 gb-headline-text\">Currently, the HALO Employment Law team consists of the two founders, Natalie Hahn and Sophie Loidolt. Both bring many years of experience and a strong professional network in employment law. HALO Employment Law is built on a lean and highly effective team structure, allowing us to respond flexibly and personally to the needs of our (long-standing) clients at any time. In the future, we plan to expand the team as needed.<\/p>\n\n<\/div>\n<\/div>\n\n\n<div class=\"wp-block-group alignfull has-text-color\" style=\"color:#000000\"><div class=\"wp-block-group__inner-container is-layout-flow wp-block-group-is-layout-flow\">\n<h2 class=\"wp-block-heading has-text-align-center has-contrast-2-color has-text-color has-link-color wp-elements-d8c27c3f98d315efa6e38ffa97634c29\" id=\"schedule-a-visit\" style=\"font-size:35px;line-height:1.15\"><strong>Schedule an appointment with us!<\/strong><span style=\"font-size: medium; text-align: start; white-space-collapse: collapse;\"><\/span><\/h2>\n\n\n<div class=\"gb-container gb-container-8319ea63\">\n\n<a class=\"gb-button gb-button-26968126\" href=\"\/en\/kontakt\/\"><span class=\"gb-icon\"><svg aria-hidden=\"true\" role=\"img\" height=\"1em\" width=\"1em\" viewbox=\"0 0 256 512\" xmlns=\"http:\/\/www.w3.org\/2000\/svg\"><path fill=\"currentColor\" d=\"M224.3 273l-136 136c-9.4 9.4-24.6 9.4-33.9 0l-22.6-22.6c-9.4-9.4-9.4-24.6 0-33.9l96.4-96.4-96.4-96.4c-9.4-9.4-9.4-24.6 0-33.9L54.3 103c9.4-9.4 24.6-9.4 33.9 0l136 136c9.5 9.4 9.5 24.6.1 34z\"><\/path><\/svg><\/span><span class=\"gb-button-text\">Contact us now<\/span><\/a>\n\n<\/div><\/div><\/div>\n\n<\/div>\n<\/div>","protected":false},"excerpt":{"rendered":"<p>Die Gr\u00fcnderinnen Natalie Hahn F\u00fcr Natalie Hahn war die Gr\u00fcndung von HALO Arbeitsrecht der konsequente Schritt, eine klare Vision Realit\u00e4t werden zu lassen: Hochspezialisiertes Arbeitsrecht auf h\u00f6chstem Niveau zu bieten, kombiniert mit pers\u00f6nlicher Betreuung, strategischer Weitsicht und echter Partnerschaft auf Augenh\u00f6he. Sophie Loidolt F\u00fcr Sophie Loidolt war die Gr\u00fcndung von HALO Arbeitsrecht der logische n\u00e4chste &#8230; <a title=\"Team\" class=\"read-more\" href=\"https:\/\/halo-arbeitsrecht.at\/en\/team\/\" aria-label=\"Read more about Team\">Weiterlesen &#8230;<\/a><\/p>","protected":false},"author":1,"featured_media":0,"parent":0,"menu_order":0,"comment_status":"closed","ping_status":"closed","template":"","meta":{"inline_featured_image":false,"footnotes":""},"class_list":["post-761","page","type-page","status-publish"],"yoast_head":"<!-- This site is optimized with the Yoast SEO plugin v27.3 - https:\/\/yoast.com\/product\/yoast-seo-wordpress\/ -->\n<title>Team | HALO-Arbeitsrecht<\/title>\n<meta name=\"description\" content=\"Lernen Sie das erfahrene Team von HALO Arbeitsrecht kennen. Unsere ExpertInnen bieten individuelle Beratung und ma\u00dfgeschneiderte L\u00f6sungen f\u00fcr Arbeitgeber im Arbeitsrecht.\" \/>\n<meta name=\"robots\" content=\"index, follow, max-snippet:-1, max-image-preview:large, max-video-preview:-1\" \/>\n<link rel=\"canonical\" href=\"https:\/\/halo-arbeitsrecht.at\/en\/wp-json\/wp\/v2\/pages\/761\/\" \/>\n<meta property=\"og:locale\" content=\"en_GB\" \/>\n<meta property=\"og:type\" content=\"article\" \/>\n<meta property=\"og:title\" content=\"Team | HALO-Arbeitsrecht\" \/>\n<meta property=\"og:description\" content=\"Lernen Sie das erfahrene Team von HALO Arbeitsrecht kennen. Unsere ExpertInnen bieten individuelle Beratung und ma\u00dfgeschneiderte L\u00f6sungen f\u00fcr Arbeitgeber im Arbeitsrecht.\" \/>\n<meta property=\"og:url\" content=\"https:\/\/halo-arbeitsrecht.at\/en\/team\/\" \/>\n<meta property=\"og:site_name\" content=\"HALO-Arbeitsrecht\" \/>\n<meta property=\"article:modified_time\" content=\"2025-09-29T21:37:03+00:00\" \/>\n<meta property=\"og:image\" content=\"https:\/\/halo-arbeitsrecht.at\/wp-content\/uploads\/2025\/05\/cDragan-Dok-1873.jpg\" \/>\n<meta name=\"twitter:card\" content=\"summary_large_image\" \/>\n<meta name=\"twitter:label1\" content=\"Estimated reading time\" \/>\n\t<meta name=\"twitter:data1\" content=\"2 minutes\" \/>\n<script type=\"application\/ld+json\" class=\"yoast-schema-graph\">{\"@context\":\"https:\\\/\\\/schema.org\",\"@graph\":[{\"@type\":\"WebPage\",\"@id\":\"https:\\\/\\\/halo-arbeitsrecht.at\\\/team\\\/\",\"url\":\"https:\\\/\\\/halo-arbeitsrecht.at\\\/team\\\/\",\"name\":\"Team | HALO-Arbeitsrecht\",\"isPartOf\":{\"@id\":\"https:\\\/\\\/halo-arbeitsrecht.at\\\/#website\"},\"primaryImageOfPage\":{\"@id\":\"https:\\\/\\\/halo-arbeitsrecht.at\\\/team\\\/#primaryimage\"},\"image\":{\"@id\":\"https:\\\/\\\/halo-arbeitsrecht.at\\\/team\\\/#primaryimage\"},\"thumbnailUrl\":\"https:\\\/\\\/halo-arbeitsrecht.at\\\/wp-content\\\/uploads\\\/2025\\\/05\\\/cDragan-Dok-1873.jpg\",\"datePublished\":\"2024-11-05T10:24:54+00:00\",\"dateModified\":\"2025-09-29T21:37:03+00:00\",\"description\":\"Lernen Sie das erfahrene Team von HALO Arbeitsrecht kennen. Unsere ExpertInnen bieten individuelle Beratung und ma\u00dfgeschneiderte L\u00f6sungen f\u00fcr Arbeitgeber im Arbeitsrecht.\",\"breadcrumb\":{\"@id\":\"https:\\\/\\\/halo-arbeitsrecht.at\\\/team\\\/#breadcrumb\"},\"inLanguage\":\"en-GB\",\"potentialAction\":[{\"@type\":\"ReadAction\",\"target\":[\"https:\\\/\\\/halo-arbeitsrecht.at\\\/team\\\/\"]}]},{\"@type\":\"ImageObject\",\"inLanguage\":\"en-GB\",\"@id\":\"https:\\\/\\\/halo-arbeitsrecht.at\\\/team\\\/#primaryimage\",\"url\":\"https:\\\/\\\/halo-arbeitsrecht.at\\\/wp-content\\\/uploads\\\/2025\\\/05\\\/cDragan-Dok-1873.jpg\",\"contentUrl\":\"https:\\\/\\\/halo-arbeitsrecht.at\\\/wp-content\\\/uploads\\\/2025\\\/05\\\/cDragan-Dok-1873.jpg\"},{\"@type\":\"BreadcrumbList\",\"@id\":\"https:\\\/\\\/halo-arbeitsrecht.at\\\/team\\\/#breadcrumb\",\"itemListElement\":[{\"@type\":\"ListItem\",\"position\":1,\"name\":\"Home\",\"item\":\"https:\\\/\\\/halo-arbeitsrecht.at\\\/\"},{\"@type\":\"ListItem\",\"position\":2,\"name\":\"Team\"}]},{\"@type\":\"WebSite\",\"@id\":\"https:\\\/\\\/halo-arbeitsrecht.at\\\/#website\",\"url\":\"https:\\\/\\\/halo-arbeitsrecht.at\\\/\",\"name\":\"HALO-Arbeitsrecht\",\"description\":\"\",\"publisher\":{\"@id\":\"https:\\\/\\\/halo-arbeitsrecht.at\\\/#organization\"},\"potentialAction\":[{\"@type\":\"SearchAction\",\"target\":{\"@type\":\"EntryPoint\",\"urlTemplate\":\"https:\\\/\\\/halo-arbeitsrecht.at\\\/?s={search_term_string}\"},\"query-input\":{\"@type\":\"PropertyValueSpecification\",\"valueRequired\":true,\"valueName\":\"search_term_string\"}}],\"inLanguage\":\"en-GB\"},{\"@type\":\"Organization\",\"@id\":\"https:\\\/\\\/halo-arbeitsrecht.at\\\/#organization\",\"name\":\"HALO-Arbeitsrecht\",\"url\":\"https:\\\/\\\/halo-arbeitsrecht.at\\\/\",\"logo\":{\"@type\":\"ImageObject\",\"inLanguage\":\"en-GB\",\"@id\":\"https:\\\/\\\/halo-arbeitsrecht.at\\\/#\\\/schema\\\/logo\\\/image\\\/\",\"url\":\"https:\\\/\\\/halo-arbeitsrecht.at\\\/wp-content\\\/uploads\\\/2024\\\/11\\\/HALO-Arbeitsrecht-Logo.png\",\"contentUrl\":\"https:\\\/\\\/halo-arbeitsrecht.at\\\/wp-content\\\/uploads\\\/2024\\\/11\\\/HALO-Arbeitsrecht-Logo.png\",\"width\":600,\"height\":99,\"caption\":\"HALO-Arbeitsrecht\"},\"image\":{\"@id\":\"https:\\\/\\\/halo-arbeitsrecht.at\\\/#\\\/schema\\\/logo\\\/image\\\/\"},\"sameAs\":[\"https:\\\/\\\/www.linkedin.com\\\/company\\\/halo-arbeitsrecht\\\/\"]}]}<\/script>\n<!-- \/ Yoast SEO plugin. -->","yoast_head_json":{"title":"Team | HALO-Arbeitsrecht","description":"Lernen Sie das erfahrene Team von HALO Arbeitsrecht kennen. Unsere ExpertInnen bieten individuelle Beratung und ma\u00dfgeschneiderte L\u00f6sungen f\u00fcr Arbeitgeber im Arbeitsrecht.","robots":{"index":"index","follow":"follow","max-snippet":"max-snippet:-1","max-image-preview":"max-image-preview:large","max-video-preview":"max-video-preview:-1"},"canonical":"https:\/\/halo-arbeitsrecht.at\/en\/wp-json\/wp\/v2\/pages\/761\/","og_locale":"en_GB","og_type":"article","og_title":"Team | HALO-Arbeitsrecht","og_description":"Lernen Sie das erfahrene Team von HALO Arbeitsrecht kennen. Unsere ExpertInnen bieten individuelle Beratung und ma\u00dfgeschneiderte L\u00f6sungen f\u00fcr Arbeitgeber im Arbeitsrecht.","og_url":"https:\/\/halo-arbeitsrecht.at\/en\/team\/","og_site_name":"HALO-Arbeitsrecht","article_modified_time":"2025-09-29T21:37:03+00:00","og_image":[{"url":"https:\/\/halo-arbeitsrecht.at\/wp-content\/uploads\/2025\/05\/cDragan-Dok-1873.jpg","type":"","width":"","height":""}],"twitter_card":"summary_large_image","twitter_misc":{"Estimated reading time":"2 minutes"},"schema":{"@context":"https:\/\/schema.org","@graph":[{"@type":"WebPage","@id":"https:\/\/halo-arbeitsrecht.at\/team\/","url":"https:\/\/halo-arbeitsrecht.at\/team\/","name":"Team | HALO-Arbeitsrecht","isPartOf":{"@id":"https:\/\/halo-arbeitsrecht.at\/#website"},"primaryImageOfPage":{"@id":"https:\/\/halo-arbeitsrecht.at\/team\/#primaryimage"},"image":{"@id":"https:\/\/halo-arbeitsrecht.at\/team\/#primaryimage"},"thumbnailUrl":"https:\/\/halo-arbeitsrecht.at\/wp-content\/uploads\/2025\/05\/cDragan-Dok-1873.jpg","datePublished":"2024-11-05T10:24:54+00:00","dateModified":"2025-09-29T21:37:03+00:00","description":"Lernen Sie das erfahrene Team von HALO Arbeitsrecht kennen. Unsere ExpertInnen bieten individuelle Beratung und ma\u00dfgeschneiderte L\u00f6sungen f\u00fcr Arbeitgeber im Arbeitsrecht.","breadcrumb":{"@id":"https:\/\/halo-arbeitsrecht.at\/team\/#breadcrumb"},"inLanguage":"en-GB","potentialAction":[{"@type":"ReadAction","target":["https:\/\/halo-arbeitsrecht.at\/team\/"]}]},{"@type":"ImageObject","inLanguage":"en-GB","@id":"https:\/\/halo-arbeitsrecht.at\/team\/#primaryimage","url":"https:\/\/halo-arbeitsrecht.at\/wp-content\/uploads\/2025\/05\/cDragan-Dok-1873.jpg","contentUrl":"https:\/\/halo-arbeitsrecht.at\/wp-content\/uploads\/2025\/05\/cDragan-Dok-1873.jpg"},{"@type":"BreadcrumbList","@id":"https:\/\/halo-arbeitsrecht.at\/team\/#breadcrumb","itemListElement":[{"@type":"ListItem","position":1,"name":"Home","item":"https:\/\/halo-arbeitsrecht.at\/"},{"@type":"ListItem","position":2,"name":"Team"}]},{"@type":"WebSite","@id":"https:\/\/halo-arbeitsrecht.at\/#website","url":"https:\/\/halo-arbeitsrecht.at\/","name":"HALO-Arbeitsrecht","description":"","publisher":{"@id":"https:\/\/halo-arbeitsrecht.at\/#organization"},"potentialAction":[{"@type":"SearchAction","target":{"@type":"EntryPoint","urlTemplate":"https:\/\/halo-arbeitsrecht.at\/?s={search_term_string}"},"query-input":{"@type":"PropertyValueSpecification","valueRequired":true,"valueName":"search_term_string"}}],"inLanguage":"en-GB"},{"@type":"Organization","@id":"https:\/\/halo-arbeitsrecht.at\/#organization","name":"HALO-Arbeitsrecht","url":"https:\/\/halo-arbeitsrecht.at\/","logo":{"@type":"ImageObject","inLanguage":"en-GB","@id":"https:\/\/halo-arbeitsrecht.at\/#\/schema\/logo\/image\/","url":"https:\/\/halo-arbeitsrecht.at\/wp-content\/uploads\/2024\/11\/HALO-Arbeitsrecht-Logo.png","contentUrl":"https:\/\/halo-arbeitsrecht.at\/wp-content\/uploads\/2024\/11\/HALO-Arbeitsrecht-Logo.png","width":600,"height":99,"caption":"HALO-Arbeitsrecht"},"image":{"@id":"https:\/\/halo-arbeitsrecht.at\/#\/schema\/logo\/image\/"},"sameAs":["https:\/\/www.linkedin.com\/company\/halo-arbeitsrecht\/"]}]}},"_links":{"self":[{"href":"https:\/\/halo-arbeitsrecht.at\/en\/wp-json\/wp\/v2\/pages\/761","targetHints":{"allow":["GET"]}}],"collection":[{"href":"https:\/\/halo-arbeitsrecht.at\/en\/wp-json\/wp\/v2\/pages"}],"about":[{"href":"https:\/\/halo-arbeitsrecht.at\/en\/wp-json\/wp\/v2\/types\/page"}],"author":[{"embeddable":true,"href":"https:\/\/halo-arbeitsrecht.at\/en\/wp-json\/wp\/v2\/users\/1"}],"replies":[{"embeddable":true,"href":"https:\/\/halo-arbeitsrecht.at\/en\/wp-json\/wp\/v2\/comments?post=761"}],"version-history":[{"count":10,"href":"https:\/\/halo-arbeitsrecht.at\/en\/wp-json\/wp\/v2\/pages\/761\/revisions"}],"predecessor-version":[{"id":1462,"href":"https:\/\/halo-arbeitsrecht.at\/en\/wp-json\/wp\/v2\/pages\/761\/revisions\/1462"}],"wp:attachment":[{"href":"https:\/\/halo-arbeitsrecht.at\/en\/wp-json\/wp\/v2\/media?parent=761"}],"curies":[{"name":"wp","href":"https:\/\/api.w.org\/{rel}","templated":true}]}}